{"id":812,"date":"2023-12-11T16:57:41","date_gmt":"2023-12-11T16:57:41","guid":{"rendered":"https:\/\/boutiquegroup.pt\/boutique-group-sobre-nos\/"},"modified":"2024-06-24T18:26:31","modified_gmt":"2024-06-24T18:26:31","slug":"boutique-group-sobre-nos","status":"publish","type":"page","link":"https:\/\/boutiquegroup.pt\/pt-pt\/boutique-group-sobre-nos\/","title":{"rendered":"Boutique Group &#8211; Sobre n\u00f3s"},"content":{"rendered":"<p>[et_pb_section fb_built=&#8221;1&#8243; next_background_color=&#8221;#E5E5E5&#8243; _builder_version=&#8221;4.23.1&#8243; _module_preset=&#8221;default&#8221; background_color=&#8221;#BA9356&#8243; bottom_divider_style=&#8221;wave2&#8243; bottom_divider_flip=&#8221;horizontal&#8221; global_colors_info=&#8221;{}&#8221;][et_pb_row _builder_version=&#8221;4.23.1&#8243; _module_preset=&#8221;default&#8221; custom_padding=&#8221;||4%||false|false&#8221; global_colors_info=&#8221;{}&#8221;][et_pb_column type=&#8221;4_4&#8243; _builder_version=&#8221;4.23.1&#8243; _module_preset=&#8221;default&#8221; global_colors_info=&#8221;{}&#8221;][et_pb_text _builder_version=&#8221;4.25.2&#8243; _module_preset=&#8221;default&#8221; hover_enabled=&#8221;0&#8243; global_colors_info=&#8221;{}&#8221; sticky_enabled=&#8221;0&#8243;]<\/p>\n<h1 style=\"text-align: center;\">Sobre o Grupo<\/h1>\n<p>[\/et_pb_text][\/et_pb_column][\/et_pb_row][\/et_pb_section][et_pb_section fb_built=&#8221;1&#8243; _builder_version=&#8221;4.24.0&#8243; _module_preset=&#8221;default&#8221; background_color=&#8221;#E5E5E5&#8243; custom_margin=&#8221;||||false|false&#8221; custom_padding=&#8221;||||false|false&#8221; global_colors_info=&#8221;{}&#8221;][et_pb_row _builder_version=&#8221;4.24.0&#8243; _module_preset=&#8221;default&#8221; width=&#8221;70%&#8221; width_tablet=&#8221;90%&#8221; width_phone=&#8221;90%&#8221; width_last_edited=&#8221;on|phone&#8221; global_colors_info=&#8221;{}&#8221;][et_pb_column type=&#8221;4_4&#8243; _builder_version=&#8221;4.24.0&#8243; _module_preset=&#8221;default&#8221; global_colors_info=&#8221;{}&#8221;][et_pb_text _builder_version=&#8221;4.24.0&#8243; _module_preset=&#8221;default&#8221; header_3_text_align=&#8221;center&#8221; header_3_text_color=&#8221;#1A1A1A&#8221; header_3_font_size=&#8221;21px&#8221; header_3_line_height=&#8221;1.4em&#8221; animation_style=&#8221;fade&#8221; animation_direction=&#8221;bottom&#8221; global_colors_info=&#8221;{}&#8221;]<\/p>\n<h3>H\u00e1 mais de uma d\u00e9cada que os propriet\u00e1rios de Boutique Group, Ferdinand &amp; Eliane, se apaixonaram por Cascais, onde encontraram um estilo de vida que superou as suas expectativas. A sua miss\u00e3o \u00e9 partilhar sua experi\u00eancia com outras pessoas que tal como eles, escolheram Cascais para viver. Iremos descobrir o que pretende. Juntos, encontraremos a casa perfeita e transformaremos os seus sonhos em realidade. Somos o Boutique Group, seja bem-vindo.<\/h3>\n<p>[\/et_pb_text][\/et_pb_column][\/et_pb_row][\/et_pb_section][et_pb_section fb_built=&#8221;1&#8243; _builder_version=&#8221;4.23.1&#8243; _module_preset=&#8221;default&#8221; custom_margin=&#8221;0px||0px||false|false&#8221; custom_padding=&#8221;0px||0px||false|false&#8221; global_colors_info=&#8221;{}&#8221;][et_pb_row _builder_version=&#8221;4.24.0&#8243; _module_preset=&#8221;default&#8221; custom_margin=&#8221;2%||0px||false|false&#8221; custom_padding=&#8221;||0px||false|false&#8221; global_colors_info=&#8221;{}&#8221;][et_pb_column type=&#8221;4_4&#8243; _builder_version=&#8221;4.23.1&#8243; _module_preset=&#8221;default&#8221; global_colors_info=&#8221;{}&#8221;][et_pb_text _builder_version=&#8221;4.23.1&#8243; _module_preset=&#8221;default&#8221; header_2_text_align=&#8221;center&#8221; header_2_text_color=&#8221;#BA9356&#8243; global_colors_info=&#8221;{}&#8221;]<\/p>\n<h2>A equipa do Boutique Group<\/h2>\n<p>[\/et_pb_text][\/et_pb_column][\/et_pb_row][\/et_pb_section][et_pb_section fb_built=&#8221;1&#8243; _builder_version=&#8221;4.23.1&#8243; _module_preset=&#8221;default&#8221; global_colors_info=&#8221;{}&#8221;][et_pb_row column_structure=&#8221;1_3,1_3,1_3&#8243; use_custom_gutter=&#8221;on&#8221; gutter_width=&#8221;2&#8243; make_equal=&#8221;on&#8221; _builder_version=&#8221;4.23.1&#8243; _module_preset=&#8221;default&#8221; custom_margin=&#8221;0px||||false|false&#8221; custom_padding=&#8221;0px||||false|false&#8221; global_colors_info=&#8221;{}&#8221;][et_pb_column type=&#8221;1_3&#8243; _builder_version=&#8221;4.23.1&#8243; _module_preset=&#8221;default&#8221; background_color=&#8221;rgba(229,229,229,0.45)&#8221; box_shadow_style=&#8221;preset1&#8243; global_colors_info=&#8221;{}&#8221;][et_pb_blurb image=&#8221;https:\/\/boutiquegroup.pt\/wp-content\/uploads\/2024\/01\/ferdinand_nome.png&#8221; image_icon_width=&#8221;100%&#8221; _builder_version=&#8221;4.23.4&#8243; _module_preset=&#8221;default&#8221; header_text_color=&#8221;#BA9356&#8243; header_font_size=&#8221;24px&#8221; background_color=&#8221;RGBA(255,255,255,0)&#8221; custom_padding=&#8221;20px|20px|20px|20px|true|true&#8221; animation_style=&#8221;fade&#8221; global_colors_info=&#8221;{}&#8221;]<\/p>\n<h3><strong>Diretor Executivo (CEO)<\/strong><\/h3>\n<p>Empreendedor com mestrado e p\u00f3s-gradua\u00e7\u00e3o pela Universidade Presbiteriana Mackenzie de S\u00e3o Paulo, Brasil. Investiu em diversas empresas, entre elas a startup Connect Life \u2013 Automa\u00e7\u00e3o Residencial e Comercial (Dom\u00f3tica), trabalhando com os maiores nomes da arquitetura e constru\u00e7\u00e3o de alto padr\u00e3o. Isso despertou a paix\u00e3o pela arquitetura residencial de alto padr\u00e3o, sempre com uma vis\u00e3o funcional, tecnol\u00f3gica e sustent\u00e1vel em todos os projetos que desenvolveu. Ao se mudar para Portugal, em 2013 com a fam\u00edlia, criou a imobili\u00e1ria \u201cBoutique dos Im\u00f3veis\u201d com sua s\u00f3cia de vida e de neg\u00f3cios, Eliane Ferrari, entrando num mercado muito exclusivo e exigente, com resultados excecionais. A empresa cresceu e hoje \u00e9 Boutique Group, englobando: Imobili\u00e1ria, Servi\u00e7os Dom\u00e9sticos, Constru\u00e7\u00e3o e Turismo. Desportista confesso, n\u00e3o s\u00f3 usufrui de todo o ambiente que a zona de Cascais e arredores oferece, como o gin\u00e1sio, as caminhadas, a corrida e o padel como ainda \u00e9 conselheiro do Grupo Desportivo Estoril Praia.<\/p>\n<p>[\/et_pb_blurb][\/et_pb_column][et_pb_column type=&#8221;1_3&#8243; _builder_version=&#8221;4.23.1&#8243; _module_preset=&#8221;default&#8221; background_color=&#8221;rgba(229,229,229,0.45)&#8221; box_shadow_style=&#8221;preset1&#8243; global_colors_info=&#8221;{}&#8221;][et_pb_blurb image=&#8221;https:\/\/boutiquegroup.pt\/wp-content\/uploads\/2024\/01\/eliane_nome.png&#8221; image_icon_width=&#8221;100%&#8221; _builder_version=&#8221;4.23.4&#8243; _module_preset=&#8221;default&#8221; header_text_color=&#8221;#BA9356&#8243; header_font_size=&#8221;24px&#8221; background_color=&#8221;RGBA(255,255,255,0)&#8221; custom_padding=&#8221;20px|20px|20px|20px|true|true&#8221; animation_style=&#8221;fade&#8221; global_colors_info=&#8221;{}&#8221;]<\/p>\n<h3><strong>Diretora de vendas<\/strong><\/h3>\n<p>Especialista Imobili\u00e1ria com forma\u00e7\u00e3o em Gest\u00e3o Empresarial e Tecnologia, iniciou a sua carreira profissional na \u00e1rea de Tecnologia do Banco Bradesco no Brasil. A sua paix\u00e3o concretizou- se, quando fez a transi\u00e7\u00e3o para a \u00e1rea de investimentos imobili\u00e1rios de uma grande construtora de luxo, em S\u00e3o Paulo, Brasil. Nesta construtora, conseguiu uma carreira de crescente sucesso profissional, estando sempre entre os principais executivos de vendas. Chegada a Portugal, em 2013, deu continuidade \u00e0s suas conquistas imobili\u00e1rias, trabalhando para marcas l\u00edderes no mercado de luxo, at\u00e9 criar a sua pr\u00f3pria imobili\u00e1ria, a Boutique dos Im\u00f3veis. Como principais caracter\u00edsticas destacam-se a persist\u00eancia, transpar\u00eancia, empatia e parceria. M\u00e3e de 3 filhos e apaixonada pela fam\u00edlia e pela profiss\u00e3o!<\/p>\n<p><strong>L\u00ednguas: Portugu\u00eas, Ingl\u00eas (conversa\u00e7\u00e3o)<\/strong><\/p>\n<p>[\/et_pb_blurb][\/et_pb_column][et_pb_column type=&#8221;1_3&#8243; _builder_version=&#8221;4.23.1&#8243; _module_preset=&#8221;default&#8221; background_color=&#8221;rgba(229,229,229,0.45)&#8221; box_shadow_style=&#8221;preset1&#8243; global_colors_info=&#8221;{}&#8221;][et_pb_blurb image=&#8221;https:\/\/boutiquegroup.pt\/wp-content\/uploads\/2024\/01\/stephanie_nome.png&#8221; image_icon_width=&#8221;100%&#8221; _builder_version=&#8221;4.23.4&#8243; _module_preset=&#8221;default&#8221; header_text_color=&#8221;#BA9356&#8243; header_font_size=&#8221;24px&#8221; background_color=&#8221;RGBA(255,255,255,0)&#8221; custom_padding=&#8221;20px|20px|20px|20px|true|true&#8221; animation_style=&#8221;fade&#8221; global_colors_info=&#8221;{}&#8221;]<\/p>\n<h3><strong>Diretora de Marketing e Neg\u00f3cios Internacionais<\/strong><\/h3>\n<p>Especialista em Destinos e Vendas, licenciado em Marketing e acreditado como Certified Meeting Professional (CMP). Experi\u00eancia global na Europa, Am\u00e9rica do Norte e Bahamas. Cidad\u00e3 americana a viver com a fam\u00edlia na bela Cascais, Portugal. Movida pelo compromisso de corresponder \u00e0s expetativas dos clientes e sua consequente satisfa\u00e7\u00e3o e a rela\u00e7\u00e3o com os que procuram a Boutique Group, \u00e9 uma das suas principais premissas. Stephanie ajudar\u00e1 a tornar o seu sonho portugu\u00eas uma realidade!<\/p>\n<p><strong>L\u00ednguas: Ingl\u00eas e portugu\u00eas<\/strong><\/p>\n<p>[\/et_pb_blurb][\/et_pb_column][\/et_pb_row][\/et_pb_section][et_pb_section fb_built=&#8221;1&#8243; _builder_version=&#8221;4.23.1&#8243; _module_preset=&#8221;default&#8221; global_colors_info=&#8221;{}&#8221;][et_pb_row column_structure=&#8221;1_3,1_3,1_3&#8243; use_custom_gutter=&#8221;on&#8221; gutter_width=&#8221;2&#8243; make_equal=&#8221;on&#8221; _builder_version=&#8221;4.24.2&#8243; _module_preset=&#8221;default&#8221; custom_margin=&#8221;0px||||false|false&#8221; custom_padding=&#8221;0px||||false|false&#8221; global_colors_info=&#8221;{}&#8221;][et_pb_column type=&#8221;1_3&#8243; _builder_version=&#8221;4.23.1&#8243; _module_preset=&#8221;default&#8221; background_color=&#8221;rgba(229,229,229,0.45)&#8221; box_shadow_style=&#8221;preset1&#8243; global_colors_info=&#8221;{}&#8221;][et_pb_blurb image=&#8221;https:\/\/boutiquegroup.pt\/wp-content\/uploads\/2024\/01\/susana_nome.png&#8221; image_icon_width=&#8221;100%&#8221; _builder_version=&#8221;4.23.4&#8243; _module_preset=&#8221;default&#8221; header_text_color=&#8221;#BA9356&#8243; header_font_size=&#8221;24px&#8221; background_color=&#8221;RGBA(255,255,255,0)&#8221; custom_padding=&#8221;20px|20px|20px|20px|true|true&#8221; animation_style=&#8221;fade&#8221; global_colors_info=&#8221;{}&#8221;]<\/p>\n<h3><strong>Assistente de vendas<\/strong><\/h3>\n<p>Respons\u00e1vel pela gest\u00e3o executiva e suporte de vendas, o seu percurso profissional destaca-se sobretudo na assessoria de cargos de dire\u00e7\u00e3o. Sempre comprometida com as miss\u00f5es empresariais j\u00e1 estabelecidas sem descurar a singularidade \u00fanica e exclusiva de cada uma delas. Com forma\u00e7\u00e3o em Design de comunica\u00e7\u00e3o passou por \u00e1reas t\u00e3o distintas como a moda (design, agenciamento e produ\u00e7\u00e3o), gest\u00e3o de projetos de design de comunica\u00e7\u00e3o e ilustra\u00e7\u00e3o e ainda na \u00e1rea de Com\u00e9rcio autom\u00f3vel. Na expectativa de poder contribuir para a realiza\u00e7\u00e3o de investimentos, projetos ou sonhos, a sua principal tarefa ser\u00e1 a de acompanhar todo o processo para que nada falhe.<\/p>\n<p><strong>L\u00ednguas: Portugu\u00eas, Ingl\u00eas, Franc\u00eas, Espanhol, L\u00edngua Gestual Portuguesa<\/strong><\/p>\n<p>&nbsp;<\/p>\n<p>[\/et_pb_blurb][\/et_pb_column][et_pb_column type=&#8221;1_3&#8243; _builder_version=&#8221;4.23.1&#8243; _module_preset=&#8221;default&#8221; background_color=&#8221;rgba(229,229,229,0.45)&#8221; box_shadow_style=&#8221;preset1&#8243; global_colors_info=&#8221;{}&#8221;][et_pb_blurb image=&#8221;https:\/\/boutiquegroup.pt\/wp-content\/uploads\/2024\/01\/tiago_nome.png&#8221; image_icon_width=&#8221;100%&#8221; _builder_version=&#8221;4.24.0&#8243; _module_preset=&#8221;default&#8221; header_text_color=&#8221;#BA9356&#8243; header_font_size=&#8221;24px&#8221; background_color=&#8221;RGBA(255,255,255,0)&#8221; custom_padding=&#8221;20px|20px|20px|20px|true|true&#8221; animation_style=&#8221;fade&#8221; global_colors_info=&#8221;{}&#8221;]<\/p>\n<h3><strong>Gestor de constru\u00e7\u00e3o <\/strong><\/h3>\n<p>Arquiteto com mestrado em arquitetura, nascido e criado em Cascais. Trabalhou numa grande empresa de constru\u00e7\u00e3o e depois num gabinete de engenharia e arquitetura. Abriu uma empresa de engenharia e arquitetura em 2009 e uma empresa de constru\u00e7\u00e3o civil em 2018. Com trabalho integrado entre projetos de arquitetura, engenharia e obras, oferece compatibilidade garantida entre todas as vertentes do investimento imobili\u00e1rio. Da escolha do terreno ao projeto chave na m\u00e3o, a Boutique Construction oferece experi\u00eancia e tranquilidade aos seus clientes.<\/p>\n<p><strong>L\u00ednguas: Portugu\u00eas, ingl\u00eas e espanhol (conversa\u00e7\u00e3o)<\/strong><\/p>\n<p>[\/et_pb_blurb][\/et_pb_column][et_pb_column type=&#8221;1_3&#8243; _builder_version=&#8221;4.23.1&#8243; _module_preset=&#8221;default&#8221; background_color=&#8221;rgba(229,229,229,0.45)&#8221; box_shadow_style=&#8221;preset1&#8243; global_colors_info=&#8221;{}&#8221;][et_pb_blurb image=&#8221;https:\/\/boutiquegroup.pt\/wp-content\/uploads\/2024\/01\/ivan_nome.png&#8221; image_icon_width=&#8221;100%&#8221; _builder_version=&#8221;4.23.4&#8243; _module_preset=&#8221;default&#8221; header_text_color=&#8221;#BA9356&#8243; header_font_size=&#8221;24px&#8221; background_color=&#8221;RGBA(255,255,255,0)&#8221; custom_padding=&#8221;20px|20px|20px|20px|true|true&#8221; animation_style=&#8221;fade&#8221; global_colors_info=&#8221;{}&#8221;]<\/p>\n<h3><strong> Chefe de Equipa, Servi\u00e7os ao Domic\u00edlio<\/strong><\/h3>\n<p>Profissional de remodela\u00e7\u00f5es e restauros, lidera equipas em diversos projetos de clientes. O \u201chomem dos 7 of\u00edcios\u201d do Boutique Group, tem as habilidades e o profissionalismo para realizar qualquer tarefa.<\/p>\n<p><strong>L\u00ednguas: Portugu\u00eas, Espanhol (Conversa\u00e7\u00e3o)<\/strong><\/p>\n<p>&nbsp;<\/p>\n<p>[\/et_pb_blurb][\/et_pb_column][\/et_pb_row][\/et_pb_section][et_pb_section fb_built=&#8221;1&#8243; _builder_version=&#8221;4.23.1&#8243; _module_preset=&#8221;default&#8221; global_colors_info=&#8221;{}&#8221;][et_pb_row column_structure=&#8221;1_3,1_3,1_3&#8243; use_custom_gutter=&#8221;on&#8221; gutter_width=&#8221;2&#8243; make_equal=&#8221;on&#8221; _builder_version=&#8221;4.24.2&#8243; _module_preset=&#8221;default&#8221; custom_margin=&#8221;0px||||false|false&#8221; custom_padding=&#8221;0px||||false|false&#8221; global_colors_info=&#8221;{}&#8221;][et_pb_column type=&#8221;1_3&#8243; _builder_version=&#8221;4.24.2&#8243; _module_preset=&#8221;default&#8221; background_color=&#8221;RGBA(255,255,255,0)&#8221; global_colors_info=&#8221;{}&#8221;][\/et_pb_column][et_pb_column type=&#8221;1_3&#8243; _builder_version=&#8221;4.23.1&#8243; _module_preset=&#8221;default&#8221; background_color=&#8221;rgba(229,229,229,0.45)&#8221; box_shadow_style=&#8221;preset1&#8243; global_colors_info=&#8221;{}&#8221;][et_pb_blurb image=&#8221;https:\/\/boutiquegroup.pt\/wp-content\/uploads\/2024\/03\/adriana_casella.jpg&#8221; image_icon_width=&#8221;100%&#8221; _builder_version=&#8221;4.24.2&#8243; _module_preset=&#8221;default&#8221; header_text_color=&#8221;#BA9356&#8243; header_font_size=&#8221;24px&#8221; background_color=&#8221;RGBA(255,255,255,0)&#8221; custom_padding=&#8221;20px|20px|20px|20px|true|true&#8221; animation_style=&#8221;fade&#8221; global_colors_info=&#8221;{}&#8221;]<\/p>\n<h3><strong> Arquiteta<\/strong><\/h3>\n<p><span>Arquiteta e urbanista de forma\u00e7\u00e3o, com mais de 20 anos de experi\u00eancia na \u00e1rea, Adriana Casella fundou o seu atelier em nome pr\u00f3prio em 2001 em S\u00e3o Paulo, Brasil, tendo recebido alguns pr\u00e9mios pelos seus projetos. <\/span><\/p>\n<p><span>Guiada pela convic\u00e7\u00e3o de que a Arquitetura vai al\u00e9m dos espa\u00e7os f\u00edsicos, o seu prop\u00f3sito \u00e9, sobretudo, fazer a diferen\u00e7a na vida do outro, atrav\u00e9s do seu trabalho. O seu &#8220;arquitetar&#8221; ultrapassa a forma de um edif\u00edcio ou a cor de uma parede. O seu compromisso \u00e9 compreender a ess\u00eancia de cada projeto, nunca descurando as necessidades e expectativas de todos os que confiam no seu trabalho.<\/span><\/p>\n<p><strong>L\u00ednguas: <\/strong><strong>Portugu\u00eas, ingl\u00eas, italiano<\/strong><\/p>\n<p>[\/et_pb_blurb][\/et_pb_column][et_pb_column type=&#8221;1_3&#8243; _builder_version=&#8221;4.24.2&#8243; _module_preset=&#8221;default&#8221; background_color=&#8221;RGBA(255,255,255,0)&#8221; global_colors_info=&#8221;{}&#8221;][\/et_pb_column][\/et_pb_row][\/et_pb_section][et_pb_section fb_built=&#8221;1&#8243; _builder_version=&#8221;4.23.1&#8243; _module_preset=&#8221;default&#8221; background_image=&#8221;https:\/\/boutiquegroup.pt\/wp-content\/uploads\/2023\/12\/equipa_geral-scaled.jpg&#8221; background_position=&#8221;top_center&#8221; min_height=&#8221;550px&#8221; custom_padding=&#8221;|||0px||&#8221; global_colors_info=&#8221;{}&#8221;][et_pb_row _builder_version=&#8221;4.23.1&#8243; _module_preset=&#8221;default&#8221; global_colors_info=&#8221;{}&#8221;][et_pb_column type=&#8221;4_4&#8243; _builder_version=&#8221;4.23.1&#8243; _module_preset=&#8221;default&#8221; global_colors_info=&#8221;{}&#8221;][\/et_pb_column][\/et_pb_row][\/et_pb_section]<\/p>\n","protected":false},"excerpt":{"rendered":"<p>Sobre o GrupoH\u00e1 mais de uma d\u00e9cada que os propriet\u00e1rios de Boutique Group, Ferdinand &amp; Eliane, se apaixonaram por Cascais, onde encontraram um estilo de vida que superou as suas expectativas. A sua miss\u00e3o \u00e9 partilhar sua experi\u00eancia com outras pessoas que tal como eles, escolheram Cascais para viver. Iremos descobrir o que pretende. Juntos, [&hellip;]<\/p>\n","protected":false},"author":2,"featured_media":0,"parent":0,"menu_order":0,"comment_status":"closed","ping_status":"closed","template":"","meta":{"_et_pb_use_builder":"on","_et_pb_old_content":"","_et_gb_content_width":"","footnotes":""},"class_list":["post-812","page","type-page","status-publish","hentry"],"_links":{"self":[{"href":"https:\/\/boutiquegroup.pt\/pt-pt\/wp-json\/wp\/v2\/pages\/812","targetHints":{"allow":["GET"]}}],"collection":[{"href":"https:\/\/boutiquegroup.pt\/pt-pt\/wp-json\/wp\/v2\/pages"}],"about":[{"href":"https:\/\/boutiquegroup.pt\/pt-pt\/wp-json\/wp\/v2\/types\/page"}],"author":[{"embeddable":true,"href":"https:\/\/boutiquegroup.pt\/pt-pt\/wp-json\/wp\/v2\/users\/2"}],"replies":[{"embeddable":true,"href":"https:\/\/boutiquegroup.pt\/pt-pt\/wp-json\/wp\/v2\/comments?post=812"}],"version-history":[{"count":3,"href":"https:\/\/boutiquegroup.pt\/pt-pt\/wp-json\/wp\/v2\/pages\/812\/revisions"}],"predecessor-version":[{"id":834,"href":"https:\/\/boutiquegroup.pt\/pt-pt\/wp-json\/wp\/v2\/pages\/812\/revisions\/834"}],"wp:attachment":[{"href":"https:\/\/boutiquegroup.pt\/pt-pt\/wp-json\/wp\/v2\/media?parent=812"}],"curies":[{"name":"wp","href":"https:\/\/api.w.org\/{rel}","templated":true}]}}