{"id":800,"date":"2023-12-11T16:58:01","date_gmt":"2023-12-11T16:58:01","guid":{"rendered":"https:\/\/boutiquegroup.pt\/boutique-dos-imoveis\/"},"modified":"2024-06-24T17:06:31","modified_gmt":"2024-06-24T17:06:31","slug":"boutique-dos-imoveis","status":"publish","type":"page","link":"https:\/\/boutiquegroup.pt\/pt-pt\/boutique-dos-imoveis\/","title":{"rendered":"Boutique dos Im\u00f3veis"},"content":{"rendered":"\n[et_pb_section fb_built=&#8221;1&#8243; next_background_color=&#8221;#354642&#8243; _builder_version=&#8221;4.23.4&#8243; _module_preset=&#8221;default&#8221; background_color=&#8221;rgba(26,26,26,0.8)&#8221; background_image=&#8221;https:\/\/boutiquegroup.pt\/wp-content\/uploads\/2023\/12\/casa_piscina-scaled.jpg&#8221; background_blend=&#8221;overlay&#8221; custom_margin=&#8221;0px||0px||false|false&#8221; custom_padding=&#8221;0px||0px||false|false&#8221; bottom_divider_style=&#8221;curve2&#8243; bottom_divider_repeat=&#8221;1x&#8221; animation_style=&#8221;fade&#8221; hover_enabled=&#8221;0&#8243; locked=&#8221;off&#8221; global_colors_info=&#8221;{}&#8221; bottom_divider_height_last_edited=&#8221;on|phone&#8221; sticky_enabled=&#8221;0&#8243; bottom_divider_height_tablet=&#8221;40px&#8221; bottom_divider_height_phone=&#8221;40px&#8221;][et_pb_row make_equal=&#8221;on&#8221; _builder_version=&#8221;4.23.4&#8243; _module_preset=&#8221;default&#8221; width=&#8221;100%&#8221; max_width=&#8221;2560px&#8221; min_height=&#8221;250px&#8221; custom_margin=&#8221;0px||0px||false|false&#8221; custom_padding=&#8221;5%||10%||false|false&#8221; hover_enabled=&#8221;0&#8243; custom_css_main_element=&#8221;align-items: center;&#8221; global_colors_info=&#8221;{}&#8221; sticky_enabled=&#8221;0&#8243;][et_pb_column type=&#8221;4_4&#8243; _builder_version=&#8221;4.23.1&#8243; _module_preset=&#8221;default&#8221; global_colors_info=&#8221;{}&#8221;][et_pb_image src=&#8221;https:\/\/boutiquegroup.pt\/wp-content\/uploads\/2023\/12\/Boutique-dos-Imoveis-Vertical-Principal.png&#8221; title_text=&#8221;Boutique dos Imoveis Vertical Principal&#8221; _builder_version=&#8221;4.23.4&#8243; _module_preset=&#8221;default&#8221; width=&#8221;15%&#8221; module_alignment=&#8221;center&#8221; global_colors_info=&#8221;{}&#8221;][\/et_pb_image][\/et_pb_column][\/et_pb_row][\/et_pb_section][et_pb_section fb_built=&#8221;1&#8243; _builder_version=&#8221;4.23.1&#8243; _module_preset=&#8221;default&#8221; background_color=&#8221;#354642&#8243; locked=&#8221;off&#8221; global_colors_info=&#8221;{}&#8221;][et_pb_row _builder_version=&#8221;4.23.1&#8243; _module_preset=&#8221;default&#8221; global_colors_info=&#8221;{}&#8221;][et_pb_column type=&#8221;4_4&#8243; _builder_version=&#8221;4.23.1&#8243; _module_preset=&#8221;default&#8221; global_colors_info=&#8221;{}&#8221;][et_pb_text _builder_version=&#8221;4.23.4&#8243; _module_preset=&#8221;default&#8221; text_text_color=&#8221;#FFFFFF&#8221; header_3_font=&#8221;||||||||&#8221; header_3_text_color=&#8221;#FFFFFF&#8221; header_3_font_size=&#8221;21px&#8221; header_3_line_height=&#8221;1.3em&#8221; text_orientation=&#8221;center&#8221; width=&#8221;70%&#8221; module_alignment=&#8221;center&#8221; hover_enabled=&#8221;0&#8243; global_colors_info=&#8221;{}&#8221; animation_style=&#8221;slide&#8221; animation_direction=&#8221;bottom&#8221; sticky_enabled=&#8221;0&#8243; text_font_size_last_edited=&#8221;on|phone&#8221; header_3_font_size_last_edited=&#8221;on|phone&#8221; header_3_font_size_phone=&#8221;18px&#8221; width_last_edited=&#8221;on|phone&#8221; width_tablet=&#8221;90%&#8221; header_3_font_size_tablet=&#8221;21px&#8221; width_phone=&#8221;90%&#8221;]<h3>A Boutique dos Im\u00f3veis \u00e9 uma distinta empresa imobili\u00e1ria, situada na pitoresca cidade costeira de Cascais, Portugal. Especializada em casas, vilas e propriedades requintadas \u00e0 beira-mar, oferece aos clientes, uma porta de entrada para o charme e a beleza desta regi\u00e3o, t\u00e3o procurada. Com foco no atendimento personalizado, conhecimento local e compromisso em fornecer solu\u00e7\u00f5es imobili\u00e1rias de exce\u00e7\u00e3o, a Boutique dos Im\u00f3veis destaca-se como a principal escolha para quem busca abra\u00e7ar o estilo de vida \u00fanico e as oportunidades de investimento, neste id\u00edlico para\u00edso costeiro.<\/h3>[\/et_pb_text][\/et_pb_column][\/et_pb_row][\/et_pb_section][et_pb_section fb_built=&#8221;1&#8243; _builder_version=&#8221;4.23.1&#8243; _module_preset=&#8221;default&#8221; background_color=&#8221;gcid-9f3b3542-d71c-46f5-9f58-debea2bcb1a8&#8243; locked=&#8221;off&#8221; global_colors_info=&#8221;{%22gcid-9f3b3542-d71c-46f5-9f58-debea2bcb1a8%22:%91%22background_color%22%93}&#8221;][et_pb_row column_structure=&#8221;1_3,1_3,1_3&#8243; _builder_version=&#8221;4.23.2&#8243; _module_preset=&#8221;default&#8221; width=&#8221;90%&#8221; global_colors_info=&#8221;{}&#8221;][et_pb_column type=&#8221;1_3&#8243; _builder_version=&#8221;4.23.1&#8243; _module_preset=&#8221;default&#8221; global_colors_info=&#8221;{}&#8221;][et_pb_image src=&#8221;https:\/\/boutiquegroup.pt\/wp-content\/uploads\/2023\/12\/modern-house-living-room.jpg&#8221; title_text=&#8221;casa moderna sala de estar&#8221; _builder_version=&#8221;4.23.4&#8243; _module_preset=&#8221;default&#8221; animation_style=&#8221;bounce&#8221; animation_direction=&#8221;bottom&#8221; hover_enabled=&#8221;0&#8243; global_colors_info=&#8221;{}&#8221; sticky_enabled=&#8221;0&#8243;][\/et_pb_image][\/et_pb_column][et_pb_column type=&#8221;1_3&#8243; _builder_version=&#8221;4.23.2&#8243; _module_preset=&#8221;default&#8221; global_colors_info=&#8221;{}&#8221;][et_pb_image src=&#8221;https:\/\/boutiquegroup.pt\/wp-content\/uploads\/2023\/12\/luxury-pool-villa.jpg&#8221; title_text=&#8221;vivenda de luxo com piscina&#8221; _builder_version=&#8221;4.23.1&#8243; _module_preset=&#8221;default&#8221; animation_style=&#8221;bounce&#8221; animation_direction=&#8221;bottom&#8221; global_colors_info=&#8221;{}&#8221;][\/et_pb_image][\/et_pb_column][et_pb_column type=&#8221;1_3&#8243; _builder_version=&#8221;4.23.1&#8243; _module_preset=&#8221;default&#8221; global_colors_info=&#8221;{}&#8221;][et_pb_image src=&#8221;https:\/\/boutiquegroup.pt\/wp-content\/uploads\/2023\/12\/villa_terrace.jpg&#8221; title_text=&#8221;villa com terra\u00e7o&#8221; _builder_version=&#8221;4.23.1&#8243; _module_preset=&#8221;default&#8221; animation_style=&#8221;bounce&#8221; animation_direction=&#8221;bottom&#8221; global_colors_info=&#8221;{}&#8221;][\/et_pb_image][\/et_pb_column][\/et_pb_row][\/et_pb_section][et_pb_section fb_built=&#8221;1&#8243; _builder_version=&#8221;4.23.1&#8243; _module_preset=&#8221;default&#8221; background_color=&#8221;#BA9356&#8243; custom_margin=&#8221;0px||0px||false|false&#8221; custom_padding=&#8221;0px||0px||false|false&#8221; locked=&#8221;off&#8221; global_colors_info=&#8221;{}&#8221;][et_pb_row _builder_version=&#8221;4.23.4&#8243; _module_preset=&#8221;default&#8221; background_color=&#8221;#354642&#8243; width=&#8221;100%&#8221; max_width=&#8221;2560px&#8221; custom_margin=&#8221;0px||0px||false|false&#8221; custom_padding=&#8221;5%||5%||false|false&#8221; global_colors_info=&#8221;{}&#8221;][et_pb_column type=&#8221;4_4&#8243; _builder_version=&#8221;4.23.1&#8243; _module_preset=&#8221;default&#8221; global_colors_info=&#8221;{}&#8221;][et_pb_cta title=&#8221;Visitar a Boutique dos Im\u00f3veis&#8221; button_text=&#8221;Contacte-nos&#8221; _builder_version=&#8221;4.23.4&#8243; _module_preset=&#8221;default&#8221; header_line_height=&#8221;1.4em&#8221; body_font_size=&#8221;16px&#8221; background_color=&#8221;RGBA(255,255,255,0)&#8221; custom_button=&#8221;on&#8221; button_text_color=&#8221;#FFFFFF&#8221; button_bg_color=&#8221;#1A1A1A&#8221; width=&#8221;70%&#8221; module_alignment=&#8221;center&#8221; custom_margin=&#8221;0px||0px||false|false&#8221; custom_padding=&#8221;0px||0px||false|false&#8221; global_colors_info=&#8221;{}&#8221;]<p>Explore os nossos im\u00f3veis atuais em boutiquedosimoveis.pt. <br>Al\u00e9m disso, informa-se sobre as nossas propriedades e empreendimentos fora do mercado.<\/p>[\/et_pb_cta][et_pb_button button_url=&#8221;https:\/\/www.boutiquedosimoveis.pt\/&#8221; url_new_window=&#8221;on&#8221; button_text=&#8221;Procurar im\u00f3veis&#8221; button_alignment=&#8221;center&#8221; _builder_version=&#8221;4.23.2&#8243; _module_preset=&#8221;default&#8221; custom_button=&#8221;on&#8221; button_text_size=&#8221;16px&#8221; button_text_color=&#8221;#BA9356&#8243; button_border_color=&#8221;#BA9356&#8243; button_font=&#8221;|600|||||||&#8221; button_icon_color=&#8221;#BA9356&#8243; global_colors_info=&#8221;{}&#8221; button_text_color__hover=&#8221;#BA9356&#8243; button_text_color__hover_enabled=&#8221;on|hover&#8221; button_bg_color__hover_enabled=&#8221;on|desktop&#8221; button_border_width__hover=&#8221;2px&#8221; button_border_width__hover_enabled=&#8221;on|hover&#8221; button_icon_color__hover_enabled=&#8221;on|desktop&#8221; button_icon_color__hover=&#8221;#BA9356&#8243;][\/et_pb_button][\/et_pb_column][\/et_pb_row][\/et_pb_section]\n","protected":false},"excerpt":{"rendered":"<p>A Boutique dos Im\u00f3veis \u00e9 uma distinta empresa imobili\u00e1ria, situada na pitoresca cidade costeira de Cascais, Portugal. Especializada em casas, vilas e propriedades requintadas \u00e0 beira-mar, oferece aos clientes, uma porta de entrada para o charme e a beleza desta regi\u00e3o, t\u00e3o procurada. Com foco no atendimento personalizado, conhecimento local e compromisso em fornecer solu\u00e7\u00f5es [&hellip;]<\/p>\n","protected":false},"author":2,"featured_media":0,"parent":0,"menu_order":0,"comment_status":"closed","ping_status":"closed","template":"","meta":{"_et_pb_use_builder":"on","_et_pb_old_content":"","_et_gb_content_width":"","footnotes":""},"class_list":["post-800","page","type-page","status-publish","hentry"],"_links":{"self":[{"href":"https:\/\/boutiquegroup.pt\/pt-pt\/wp-json\/wp\/v2\/pages\/800","targetHints":{"allow":["GET"]}}],"collection":[{"href":"https:\/\/boutiquegroup.pt\/pt-pt\/wp-json\/wp\/v2\/pages"}],"about":[{"href":"https:\/\/boutiquegroup.pt\/pt-pt\/wp-json\/wp\/v2\/types\/page"}],"author":[{"embeddable":true,"href":"https:\/\/boutiquegroup.pt\/pt-pt\/wp-json\/wp\/v2\/users\/2"}],"replies":[{"embeddable":true,"href":"https:\/\/boutiquegroup.pt\/pt-pt\/wp-json\/wp\/v2\/comments?post=800"}],"version-history":[{"count":3,"href":"https:\/\/boutiquegroup.pt\/pt-pt\/wp-json\/wp\/v2\/pages\/800\/revisions"}],"predecessor-version":[{"id":803,"href":"https:\/\/boutiquegroup.pt\/pt-pt\/wp-json\/wp\/v2\/pages\/800\/revisions\/803"}],"wp:attachment":[{"href":"https:\/\/boutiquegroup.pt\/pt-pt\/wp-json\/wp\/v2\/media?parent=800"}],"curies":[{"name":"wp","href":"https:\/\/api.w.org\/{rel}","templated":true}]}}