{"id":798,"date":"2023-12-11T16:58:23","date_gmt":"2023-12-11T16:58:23","guid":{"rendered":"https:\/\/boutiquegroup.pt\/boutique-construction\/"},"modified":"2024-06-24T17:03:55","modified_gmt":"2024-06-24T17:03:55","slug":"boutique-construction","status":"publish","type":"page","link":"https:\/\/boutiquegroup.pt\/pt-pt\/boutique-construction\/","title":{"rendered":"Boutique Construction"},"content":{"rendered":"\n[et_pb_section fb_built=&#8221;1&#8243; next_background_color=&#8221;#524641&#8243; _builder_version=&#8221;4.23.4&#8243; _module_preset=&#8221;default&#8221; background_color=&#8221;rgba(26,26,26,0.8)&#8221; background_image=&#8221;https:\/\/boutiquegroup.pt\/wp-content\/uploads\/2023\/12\/banner_construction.jpg&#8221; background_blend=&#8221;overlay&#8221; custom_margin=&#8221;0px||0px||false|false&#8221; custom_padding=&#8221;0px||0px||false|false&#8221; bottom_divider_style=&#8221;curve2&#8243; bottom_divider_repeat=&#8221;1x&#8221; animation_style=&#8221;fade&#8221; hover_enabled=&#8221;0&#8243; locked=&#8221;off&#8221; global_colors_info=&#8221;{}&#8221; bottom_divider_height_last_edited=&#8221;on|phone&#8221; sticky_enabled=&#8221;0&#8243; bottom_divider_height_tablet=&#8221;40px&#8221; bottom_divider_height_phone=&#8221;40px&#8221;][et_pb_row make_equal=&#8221;on&#8221; _builder_version=&#8221;4.23.1&#8243; _module_preset=&#8221;default&#8221; width=&#8221;100%&#8221; max_width=&#8221;2560px&#8221; custom_margin=&#8221;0px||0px||false|false&#8221; custom_padding=&#8221;5%||10%||false|false&#8221; custom_css_main_element=&#8221;align-items: center;&#8221; global_colors_info=&#8221;{}&#8221;][et_pb_column type=&#8221;4_4&#8243; _builder_version=&#8221;4.23.1&#8243; _module_preset=&#8221;default&#8221; global_colors_info=&#8221;{}&#8221;][et_pb_image src=&#8221;https:\/\/boutiquegroup.pt\/wp-content\/uploads\/2023\/12\/Boutique-Group-Vertical-Principal.png&#8221; title_text=&#8221;Grupo Boutique Vertical Principal&#8221; _builder_version=&#8221;4.23.1&#8243; _module_preset=&#8221;default&#8221; width=&#8221;15%&#8221; module_alignment=&#8221;center&#8221; global_colors_info=&#8221;{}&#8221;][\/et_pb_image][\/et_pb_column][\/et_pb_row][\/et_pb_section][et_pb_section fb_built=&#8221;1&#8243; _builder_version=&#8221;4.23.1&#8243; _module_preset=&#8221;default&#8221; background_color=&#8221;#524641&#8243; locked=&#8221;off&#8221; global_colors_info=&#8221;{}&#8221;][et_pb_row _builder_version=&#8221;4.23.1&#8243; _module_preset=&#8221;default&#8221; global_colors_info=&#8221;{}&#8221;][et_pb_column type=&#8221;4_4&#8243; _builder_version=&#8221;4.23.1&#8243; _module_preset=&#8221;default&#8221; global_colors_info=&#8221;{}&#8221;][et_pb_text _builder_version=&#8221;4.23.4&#8243; _module_preset=&#8221;default&#8221; text_text_color=&#8221;#FFFFFF&#8221; header_3_font=&#8221;||||||||&#8221; header_3_text_color=&#8221;#FFFFFF&#8221; header_3_font_size=&#8221;21px&#8221; header_3_line_height=&#8221;1.3em&#8221; text_orientation=&#8221;center&#8221; width=&#8221;70%&#8221; module_alignment=&#8221;center&#8221; global_colors_info=&#8221;{}&#8221; header_3_font_size_phone=&#8221;18px&#8221; header_3_font_size_last_edited=&#8221;on|phone&#8221; animation_style=&#8221;slide&#8221; animation_direction=&#8221;bottom&#8221; text_font_size_last_edited=&#8221;on|phone&#8221; width_tablet=&#8221;90%&#8221; width_last_edited=&#8221;on|phone&#8221; header_3_font_size_tablet=&#8221;21px&#8221; width_phone=&#8221;90%&#8221;]<h3>\u00c0 medida que encontrar casas em Cascais\/Lisboa se torna cada dia mais dif\u00edcil, ainda s\u00e3o poss\u00edveis op\u00e7\u00f5es como lotes de terreno, casas hist\u00f3ricas e oportunidades de remodela\u00e7\u00e3o. Devido \u00e0s necessidades dos nossos clientes e \u00e0 dificuldade em encontrar construtoras s\u00e9rias e dispon\u00edveis, o Grupo Boutique desenvolveu esta nova \u00e1rea para atender a procura de profissionais de qualidade, agilidade e confiabilidade para Remodela\u00e7\u00f5es, Constru\u00e7\u00f5es e Incorpora\u00e7\u00f5es de Novos Empreendimentos.<\/h3>[\/et_pb_text][\/et_pb_column][\/et_pb_row][\/et_pb_section][et_pb_section fb_built=&#8221;1&#8243; _builder_version=&#8221;4.23.1&#8243; _module_preset=&#8221;default&#8221; background_color=&#8221;gcid-9f3b3542-d71c-46f5-9f58-debea2bcb1a8&#8243; locked=&#8221;off&#8221; global_colors_info=&#8221;{%22gcid-9f3b3542-d71c-46f5-9f58-debea2bcb1a8%22:%91%22background_color%22%93}&#8221;][et_pb_row column_structure=&#8221;1_3,1_3,1_3&#8243; _builder_version=&#8221;4.23.1&#8243; _module_preset=&#8221;default&#8221; width=&#8221;90%&#8221; global_colors_info=&#8221;{}&#8221;][et_pb_column type=&#8221;1_3&#8243; _builder_version=&#8221;4.23.1&#8243; _module_preset=&#8221;default&#8221; global_colors_info=&#8221;{}&#8221;][et_pb_image src=&#8221;https:\/\/boutiquegroup.pt\/wp-content\/uploads\/2023\/12\/terrain-lots.jpg&#8221; title_text=&#8221;lotes de terreno&#8221; _builder_version=&#8221;4.23.2&#8243; _module_preset=&#8221;default&#8221; animation_style=&#8221;bounce&#8221; animation_direction=&#8221;bottom&#8221; global_colors_info=&#8221;{}&#8221;][\/et_pb_image][et_pb_text _builder_version=&#8221;4.23.2&#8243; _module_preset=&#8221;default&#8221; header_text_align=&#8221;center&#8221; header_2_text_align=&#8221;center&#8221; header_2_text_color=&#8221;#BA9356&#8243; custom_margin=&#8221;||0px||false|false&#8221; custom_padding=&#8221;||0px||false|false&#8221; animation_style=&#8221;slide&#8221; animation_direction=&#8221;bottom&#8221; global_colors_info=&#8221;{}&#8221;]<h2>Incorpora\u00e7\u00e3o de novos empreendimentos<\/h2>[\/et_pb_text][\/et_pb_column][et_pb_column type=&#8221;1_3&#8243; _builder_version=&#8221;4.23.1&#8243; _module_preset=&#8221;default&#8221; global_colors_info=&#8221;{}&#8221;][et_pb_image src=&#8221;https:\/\/boutiquegroup.pt\/wp-content\/uploads\/2023\/12\/construction-villa.jpg&#8221; title_text=&#8221;moradia em constru\u00e7\u00e3o&#8221; _builder_version=&#8221;4.23.1&#8243; _module_preset=&#8221;default&#8221; animation_style=&#8221;bounce&#8221; animation_direction=&#8221;bottom&#8221; global_colors_info=&#8221;{}&#8221;][\/et_pb_image][et_pb_text _builder_version=&#8221;4.23.2&#8243; _module_preset=&#8221;default&#8221; header_text_align=&#8221;left&#8221; header_2_text_align=&#8221;center&#8221; header_2_text_color=&#8221;#BA9356&#8243; custom_margin=&#8221;||0px||false|false&#8221; custom_padding=&#8221;||0px||false|false&#8221; animation_style=&#8221;slide&#8221; animation_direction=&#8221;bottom&#8221; global_colors_info=&#8221;{}&#8221;]<h2>Demoli\u00e7\u00e3o e Constru\u00e7\u00e3o<\/h2>[\/et_pb_text][\/et_pb_column][et_pb_column type=&#8221;1_3&#8243; _builder_version=&#8221;4.23.1&#8243; _module_preset=&#8221;default&#8221; global_colors_info=&#8221;{}&#8221;][et_pb_image src=&#8221;https:\/\/boutiquegroup.pt\/wp-content\/uploads\/2023\/12\/aerial-view-house.jpg&#8221; title_text=&#8221;vista a\u00e9rea da casa&#8221; _builder_version=&#8221;4.23.1&#8243; _module_preset=&#8221;default&#8221; animation_style=&#8221;bounce&#8221; animation_direction=&#8221;bottom&#8221; global_colors_info=&#8221;{}&#8221;][\/et_pb_image][et_pb_text _builder_version=&#8221;4.23.2&#8243; _module_preset=&#8221;default&#8221; header_text_align=&#8221;left&#8221; header_2_text_align=&#8221;center&#8221; header_2_text_color=&#8221;#BA9356&#8243; custom_margin=&#8221;||0px||false|false&#8221; custom_padding=&#8221;||0px||false|false&#8221; animation_style=&#8221;slide&#8221; animation_direction=&#8221;bottom&#8221; global_colors_info=&#8221;{}&#8221;]<h2>Remodela\u00e7\u00f5es<\/h2>[\/et_pb_text][\/et_pb_column][\/et_pb_row][\/et_pb_section]\n","protected":false},"excerpt":{"rendered":"<p>\u00c0 medida que encontrar casas em Cascais\/Lisboa se torna cada dia mais dif\u00edcil, ainda s\u00e3o poss\u00edveis op\u00e7\u00f5es como lotes de terreno, casas hist\u00f3ricas e oportunidades de remodela\u00e7\u00e3o. Devido \u00e0s necessidades dos nossos clientes e \u00e0 dificuldade em encontrar construtoras s\u00e9rias e dispon\u00edveis, o Grupo Boutique desenvolveu esta nova \u00e1rea para atender a procura de profissionais [&hellip;]<\/p>\n","protected":false},"author":2,"featured_media":0,"parent":0,"menu_order":0,"comment_status":"closed","ping_status":"closed","template":"","meta":{"_et_pb_use_builder":"on","_et_pb_old_content":"","_et_gb_content_width":"","footnotes":""},"class_list":["post-798","page","type-page","status-publish","hentry"],"_links":{"self":[{"href":"https:\/\/boutiquegroup.pt\/pt-pt\/wp-json\/wp\/v2\/pages\/798","targetHints":{"allow":["GET"]}}],"collection":[{"href":"https:\/\/boutiquegroup.pt\/pt-pt\/wp-json\/wp\/v2\/pages"}],"about":[{"href":"https:\/\/boutiquegroup.pt\/pt-pt\/wp-json\/wp\/v2\/types\/page"}],"author":[{"embeddable":true,"href":"https:\/\/boutiquegroup.pt\/pt-pt\/wp-json\/wp\/v2\/users\/2"}],"replies":[{"embeddable":true,"href":"https:\/\/boutiquegroup.pt\/pt-pt\/wp-json\/wp\/v2\/comments?post=798"}],"version-history":[{"count":1,"href":"https:\/\/boutiquegroup.pt\/pt-pt\/wp-json\/wp\/v2\/pages\/798\/revisions"}],"predecessor-version":[{"id":799,"href":"https:\/\/boutiquegroup.pt\/pt-pt\/wp-json\/wp\/v2\/pages\/798\/revisions\/799"}],"wp:attachment":[{"href":"https:\/\/boutiquegroup.pt\/pt-pt\/wp-json\/wp\/v2\/media?parent=798"}],"curies":[{"name":"wp","href":"https:\/\/api.w.org\/{rel}","templated":true}]}}